{"id":1949,"date":"2024-07-24T19:34:06","date_gmt":"2024-07-24T17:34:06","guid":{"rendered":"https:\/\/adwokatura-bialystok.pl\/?page_id=1949"},"modified":"2026-01-19T12:03:15","modified_gmt":"2026-01-19T11:03:15","slug":"sandra-orzel","status":"publish","type":"page","link":"https:\/\/adwokatura-bialystok.pl\/index.php\/sandra-orzel\/","title":{"rendered":"Sandra Orzel"},"content":{"rendered":"\t\t<div data-elementor-type=\"wp-page\" data-elementor-id=\"1949\" class=\"elementor elementor-1949\" data-elementor-post-type=\"page\">\n\t\t\t\t<div class=\"elementor-element elementor-element-599d42d e-flex e-con-boxed e-con e-parent\" data-id=\"599d42d\" data-element_type=\"container\" data-settings=\"{&quot;_ha_eqh_enable&quot;:false}\">\n\t\t\t\t\t<div class=\"e-con-inner\">\n\t\t\t\t<div class=\"elementor-element elementor-element-95b91d9 elementor-widget elementor-widget-heading\" data-id=\"95b91d9\" data-element_type=\"widget\" data-widget_type=\"heading.default\">\n\t\t\t\t<div class=\"elementor-widget-container\">\n\t\t\t<h2 class=\"elementor-heading-title elementor-size-default\"><b>Zesp\u00f3\u0142 Kancelarii<\/b><\/h2>\t\t<\/div>\n\t\t\t\t<\/div>\n\t\t<div class=\"elementor-element elementor-element-e9dfcc4 e-con-full e-flex e-con e-child\" data-id=\"e9dfcc4\" data-element_type=\"container\" data-settings=\"{&quot;_ha_eqh_enable&quot;:false}\">\n\t\t<div class=\"elementor-element elementor-element-12d866d e-con-full e-flex e-con e-child\" data-id=\"12d866d\" data-element_type=\"container\" data-settings=\"{&quot;_ha_eqh_enable&quot;:false}\">\n\t\t<div class=\"elementor-element elementor-element-38bf695 e-con-full e-flex e-con e-child\" data-id=\"38bf695\" data-element_type=\"container\" data-settings=\"{&quot;_ha_eqh_enable&quot;:false}\">\n\t\t\t\t<div class=\"elementor-element elementor-element-3436ffc elementor-widget elementor-widget-image\" data-id=\"3436ffc\" data-element_type=\"widget\" data-widget_type=\"image.default\">\n\t\t\t\t<div class=\"elementor-widget-container\">\n\t\t\t\t\t\t\t\t\t\t\t\t\t<img fetchpriority=\"high\" decoding=\"async\" width=\"1707\" height=\"2560\" src=\"https:\/\/adwokatura-bialystok.pl\/wp-content\/uploads\/2026\/01\/705f3fd33f3c1b5b8a92ad016aefb784df0e5cec-scaled.jpg\" class=\"attachment-full size-full wp-image-2359\" alt=\"\" srcset=\"https:\/\/adwokatura-bialystok.pl\/wp-content\/uploads\/2026\/01\/705f3fd33f3c1b5b8a92ad016aefb784df0e5cec-scaled.jpg 1707w, https:\/\/adwokatura-bialystok.pl\/wp-content\/uploads\/2026\/01\/705f3fd33f3c1b5b8a92ad016aefb784df0e5cec-200x300.jpg 200w, https:\/\/adwokatura-bialystok.pl\/wp-content\/uploads\/2026\/01\/705f3fd33f3c1b5b8a92ad016aefb784df0e5cec-683x1024.jpg 683w, https:\/\/adwokatura-bialystok.pl\/wp-content\/uploads\/2026\/01\/705f3fd33f3c1b5b8a92ad016aefb784df0e5cec-768x1152.jpg 768w, https:\/\/adwokatura-bialystok.pl\/wp-content\/uploads\/2026\/01\/705f3fd33f3c1b5b8a92ad016aefb784df0e5cec-1024x1536.jpg 1024w, https:\/\/adwokatura-bialystok.pl\/wp-content\/uploads\/2026\/01\/705f3fd33f3c1b5b8a92ad016aefb784df0e5cec-1365x2048.jpg 1365w\" sizes=\"(max-width: 1707px) 100vw, 1707px\" \/>\t\t\t\t\t\t\t\t\t\t\t\t\t<\/div>\n\t\t\t\t<\/div>\n\t\t\t\t<\/div>\n\t\t<div class=\"elementor-element elementor-element-196833f e-con-full e-flex e-con e-child\" data-id=\"196833f\" data-element_type=\"container\" data-settings=\"{&quot;_ha_eqh_enable&quot;:false}\">\n\t\t\t\t<div class=\"elementor-element elementor-element-082f932 elementor-widget elementor-widget-heading\" data-id=\"082f932\" data-element_type=\"widget\" data-widget_type=\"heading.default\">\n\t\t\t\t<div class=\"elementor-widget-container\">\n\t\t\t<h2 class=\"elementor-heading-title elementor-size-default\"><b>Sandra Orzel<\/b><br><b>Aplikantka Adwokacka<\/b><\/h2>\t\t<\/div>\n\t\t\t\t<\/div>\n\t\t\t\t<div class=\"elementor-element elementor-element-d39d833 elementor-widget-divider--view-line elementor-widget elementor-widget-divider\" data-id=\"d39d833\" data-element_type=\"widget\" data-widget_type=\"divider.default\">\n\t\t\t\t<div class=\"elementor-widget-container\">\n\t\t\t\t\t<div class=\"elementor-divider\">\n\t\t\t<span class=\"elementor-divider-separator\">\n\t\t\t\t\t\t<\/span>\n\t\t<\/div>\n\t\t\t\t<\/div>\n\t\t\t\t<\/div>\n\t\t\t\t<div class=\"elementor-element elementor-element-69c181a elementor-widget elementor-widget-text-editor\" data-id=\"69c181a\" data-element_type=\"widget\" data-widget_type=\"text-editor.default\">\n\t\t\t\t<div class=\"elementor-widget-container\">\n\t\t\t\t\t\t\t<p>Sandra Orzel jest aplikantk\u0105 adwokack\u0105 przy Okr\u0119gowej Radzie Adwokackiej w Bia\u0142ymstoku.<\/p><p>W kancelarii koncentruje si\u0119 przede wszystkim na sprawach z zakresu prawa rodzinnego, kt\u00f3re wymagaj\u0105 nie tylko solidnej wiedzy prawniczej, ale r\u00f3wnie\u017c szczeg\u00f3lnej wra\u017cliwo\u015bci i zrozumienia sytuacji osobistych klient\u00f3w.<\/p><p>Na co dzie\u0144 zajmuje si\u0119 sprawami dotycz\u0105cymi m.in. rozwod\u00f3w, aliment\u00f3w oraz kontakt\u00f3w z dzie\u0107mi, towarzysz\u0105c klientom na ka\u017cdym etapie post\u0119powania.<\/p><p>W swojej pracy wyr\u00f3\u017cnia si\u0119 empatycznym podej\u015bciem, uwa\u017cno\u015bci\u0105 oraz zaanga\u017cowaniem w ka\u017cd\u0105 prowadzon\u0105 spraw\u0119. Dok\u0142ada stara\u0144, aby osoby powierzaj\u0105ce jej swoje problemy czu\u0142y si\u0119 wys\u0142uchane i mia\u0142y pe\u0142n\u0105 \u015bwiadomo\u015b\u0107 swoich praw oraz mo\u017cliwych rozwi\u0105za\u0144. Jej celem jest znalezienie najlepszego rozwi\u0105zania prawnego, przy jednoczesnym poszanowaniu emocji i interes\u00f3w Klient\u00f3w kancelarii.<\/p>\t\t\t\t\t\t<\/div>\n\t\t\t\t<\/div>\n\t\t\t\t<div class=\"elementor-element elementor-element-fb94d46 elementor-widget-divider--view-line elementor-widget elementor-widget-divider\" data-id=\"fb94d46\" data-element_type=\"widget\" data-widget_type=\"divider.default\">\n\t\t\t\t<div class=\"elementor-widget-container\">\n\t\t\t\t\t<div class=\"elementor-divider\">\n\t\t\t<span class=\"elementor-divider-separator\">\n\t\t\t\t\t\t<\/span>\n\t\t<\/div>\n\t\t\t\t<\/div>\n\t\t\t\t<\/div>\n\t\t\t\t<\/div>\n\t\t\t\t<\/div>\n\t\t\t\t<div class=\"elementor-element elementor-element-b85b138 elementor-widget elementor-widget-heading\" data-id=\"b85b138\" data-element_type=\"widget\" data-widget_type=\"heading.default\">\n\t\t\t\t<div class=\"elementor-widget-container\">\n\t\t\t<h2 class=\"elementor-heading-title elementor-size-default\">Z Kancelari\u0105 wsp\u00f3\u0142pracuj\u0105 prawnicy legitymuj\u0105cy si\u0119 uprawnieniami adwokata, radcy prawnego, a tak\u017ce aplikanci adwokaccy i radcowscy. Jeste\u015bmy grup\u0105 pasjonat\u00f3w, lubi\u0105cych swoj\u0105 prac\u0119 i zaanga\u017cowanych w sprawy i interes naszych Klient\u00f3w.<\/h2>\t\t<\/div>\n\t\t\t\t<\/div>\n\t\t\t\t<\/div>\n\t\t\t\t\t<\/div>\n\t\t\t\t<\/div>\n\t\t\t\t<\/div>\n\t\t","protected":false},"excerpt":{"rendered":"<p>Zesp\u00f3\u0142 Kancelarii Sandra OrzelAplikantka Adwokacka Sandra Orzel jest aplikantk\u0105 adwokack\u0105 przy Okr\u0119gowej Radzie Adwokackiej w Bia\u0142ymstoku. W kancelarii koncentruje si\u0119 przede wszystkim na sprawach z zakresu prawa rodzinnego, kt\u00f3re wymagaj\u0105 nie tylko solidnej wiedzy prawniczej, ale r\u00f3wnie\u017c szczeg\u00f3lnej wra\u017cliwo\u015bci i zrozumienia sytuacji osobistych klient\u00f3w. Na co dzie\u0144 zajmuje si\u0119 sprawami dotycz\u0105cymi m.in. rozwod\u00f3w, aliment\u00f3w oraz [&hellip;]<\/p>\n","protected":false},"author":1,"featured_media":0,"parent":0,"menu_order":0,"comment_status":"closed","ping_status":"closed","template":"","meta":{"inline_featured_image":false,"site-sidebar-layout":"no-sidebar","site-content-layout":"","ast-site-content-layout":"full-width-container","site-content-style":"default","site-sidebar-style":"default","ast-global-header-display":"","ast-banner-title-visibility":"","ast-main-header-display":"","ast-hfb-above-header-display":"","ast-hfb-below-header-display":"","ast-hfb-mobile-header-display":"","site-post-title":"disabled","ast-breadcrumbs-content":"","ast-featured-img":"disabled","footer-sml-layout":"","theme-transparent-header-meta":"default","adv-header-id-meta":"","stick-header-meta":"","header-above-stick-meta":"","header-main-stick-meta":"","header-below-stick-meta":"","astra-migrate-meta-layouts":"set","ast-page-background-enabled":"default","ast-page-background-meta":{"desktop":{"background-color":"var(--ast-global-color-4)","background-image":"","background-repeat":"repeat","background-position":"center center","background-size":"auto","background-attachment":"scroll","background-type":"","background-media":"","overlay-type":"","overlay-color":"","overlay-opacity":"","overlay-gradient":""},"tablet":{"background-color":"","background-image":"","background-repeat":"repeat","background-position":"center center","background-size":"auto","background-attachment":"scroll","background-type":"","background-media":"","overlay-type":"","overlay-color":"","overlay-opacity":"","overlay-gradient":""},"mobile":{"background-color":"","background-image":"","background-repeat":"repeat","background-position":"center center","background-size":"auto","background-attachment":"scroll","background-type":"","background-media":"","overlay-type":"","overlay-color":"","overlay-opacity":"","overlay-gradient":""}},"ast-content-background-meta":{"desktop":{"background-color":"var(--ast-global-color-5)","background-image":"","background-repeat":"repeat","background-position":"center center","background-size":"auto","background-attachment":"scroll","background-type":"","background-media":"","overlay-type":"","overlay-color":"","overlay-opacity":"","overlay-gradient":""},"tablet":{"background-color":"var(--ast-global-color-5)","background-image":"","background-repeat":"repeat","background-position":"center center","background-size":"auto","background-attachment":"scroll","background-type":"","background-media":"","overlay-type":"","overlay-color":"","overlay-opacity":"","overlay-gradient":""},"mobile":{"background-color":"var(--ast-global-color-5)","background-image":"","background-repeat":"repeat","background-position":"center center","background-size":"auto","background-attachment":"scroll","background-type":"","background-media":"","overlay-type":"","overlay-color":"","overlay-opacity":"","overlay-gradient":""}},"footnotes":""},"class_list":["post-1949","page","type-page","status-publish","hentry"],"_links":{"self":[{"href":"https:\/\/adwokatura-bialystok.pl\/index.php\/wp-json\/wp\/v2\/pages\/1949","targetHints":{"allow":["GET"]}}],"collection":[{"href":"https:\/\/adwokatura-bialystok.pl\/index.php\/wp-json\/wp\/v2\/pages"}],"about":[{"href":"https:\/\/adwokatura-bialystok.pl\/index.php\/wp-json\/wp\/v2\/types\/page"}],"author":[{"embeddable":true,"href":"https:\/\/adwokatura-bialystok.pl\/index.php\/wp-json\/wp\/v2\/users\/1"}],"replies":[{"embeddable":true,"href":"https:\/\/adwokatura-bialystok.pl\/index.php\/wp-json\/wp\/v2\/comments?post=1949"}],"version-history":[{"count":36,"href":"https:\/\/adwokatura-bialystok.pl\/index.php\/wp-json\/wp\/v2\/pages\/1949\/revisions"}],"predecessor-version":[{"id":2482,"href":"https:\/\/adwokatura-bialystok.pl\/index.php\/wp-json\/wp\/v2\/pages\/1949\/revisions\/2482"}],"wp:attachment":[{"href":"https:\/\/adwokatura-bialystok.pl\/index.php\/wp-json\/wp\/v2\/media?parent=1949"}],"curies":[{"name":"wp","href":"https:\/\/api.w.org\/{rel}","templated":true}]}}