{"id":1963,"date":"2024-07-24T19:44:40","date_gmt":"2024-07-24T17:44:40","guid":{"rendered":"https:\/\/adwokatura-bialystok.pl\/?page_id=1963"},"modified":"2026-01-19T12:06:22","modified_gmt":"2026-01-19T11:06:22","slug":"julia-grenda-2","status":"publish","type":"page","link":"https:\/\/adwokatura-bialystok.pl\/index.php\/julia-grenda-2\/","title":{"rendered":"Julia Grenda"},"content":{"rendered":"\t\t<div data-elementor-type=\"wp-page\" data-elementor-id=\"1963\" class=\"elementor elementor-1963\" data-elementor-post-type=\"page\">\n\t\t\t\t<div class=\"elementor-element elementor-element-599d42d e-flex e-con-boxed e-con e-parent\" data-id=\"599d42d\" data-element_type=\"container\" data-settings=\"{&quot;_ha_eqh_enable&quot;:false}\">\n\t\t\t\t\t<div class=\"e-con-inner\">\n\t\t\t\t<div class=\"elementor-element elementor-element-95b91d9 elementor-widget elementor-widget-heading\" data-id=\"95b91d9\" data-element_type=\"widget\" data-widget_type=\"heading.default\">\n\t\t\t\t<div class=\"elementor-widget-container\">\n\t\t\t<h2 class=\"elementor-heading-title elementor-size-default\"><b>Zesp\u00f3\u0142 Kancelarii<\/b><\/h2>\t\t<\/div>\n\t\t\t\t<\/div>\n\t\t<div class=\"elementor-element elementor-element-e9dfcc4 e-con-full e-flex e-con e-child\" data-id=\"e9dfcc4\" data-element_type=\"container\" data-settings=\"{&quot;_ha_eqh_enable&quot;:false}\">\n\t\t<div class=\"elementor-element elementor-element-12d866d e-con-full e-flex e-con e-child\" data-id=\"12d866d\" data-element_type=\"container\" data-settings=\"{&quot;_ha_eqh_enable&quot;:false}\">\n\t\t<div class=\"elementor-element elementor-element-38bf695 e-con-full e-flex e-con e-child\" data-id=\"38bf695\" data-element_type=\"container\" data-settings=\"{&quot;_ha_eqh_enable&quot;:false}\">\n\t\t\t\t<div class=\"elementor-element elementor-element-1affe97 elementor-widget elementor-widget-image\" data-id=\"1affe97\" data-element_type=\"widget\" data-widget_type=\"image.default\">\n\t\t\t\t<div class=\"elementor-widget-container\">\n\t\t\t\t\t\t\t\t\t\t\t\t\t<img fetchpriority=\"high\" decoding=\"async\" width=\"682\" height=\"1024\" src=\"https:\/\/adwokatura-bialystok.pl\/wp-content\/uploads\/2026\/01\/julia-682x1024.jpg\" class=\"attachment-large size-large wp-image-2459\" alt=\"\" srcset=\"https:\/\/adwokatura-bialystok.pl\/wp-content\/uploads\/2026\/01\/julia-682x1024.jpg 682w, https:\/\/adwokatura-bialystok.pl\/wp-content\/uploads\/2026\/01\/julia-200x300.jpg 200w, https:\/\/adwokatura-bialystok.pl\/wp-content\/uploads\/2026\/01\/julia-768x1152.jpg 768w, https:\/\/adwokatura-bialystok.pl\/wp-content\/uploads\/2026\/01\/julia-1024x1536.jpg 1024w, https:\/\/adwokatura-bialystok.pl\/wp-content\/uploads\/2026\/01\/julia-1365x2048.jpg 1365w, https:\/\/adwokatura-bialystok.pl\/wp-content\/uploads\/2026\/01\/julia-scaled.jpg 1706w\" sizes=\"(max-width: 682px) 100vw, 682px\" \/>\t\t\t\t\t\t\t\t\t\t\t\t\t<\/div>\n\t\t\t\t<\/div>\n\t\t\t\t<\/div>\n\t\t<div class=\"elementor-element elementor-element-196833f e-con-full e-flex e-con e-child\" data-id=\"196833f\" data-element_type=\"container\" data-settings=\"{&quot;_ha_eqh_enable&quot;:false}\">\n\t\t\t\t<div class=\"elementor-element elementor-element-082f932 elementor-widget elementor-widget-heading\" data-id=\"082f932\" data-element_type=\"widget\" data-widget_type=\"heading.default\">\n\t\t\t\t<div class=\"elementor-widget-container\">\n\t\t\t<h2 class=\"elementor-heading-title elementor-size-default\"><b>Julia Grenda <\/b><br><b>Aplikantka Radcowska<\/b><\/h2>\t\t<\/div>\n\t\t\t\t<\/div>\n\t\t\t\t<div class=\"elementor-element elementor-element-69c181a elementor-widget elementor-widget-text-editor\" data-id=\"69c181a\" data-element_type=\"widget\" data-widget_type=\"text-editor.default\">\n\t\t\t\t<div class=\"elementor-widget-container\">\n\t\t\t\t\t\t\t<p>Julia zdobywanie do\u015bwiadczenia zawodowego i wsp\u00f3\u0142prac\u0119 z Kancelari\u0105 rozpocz\u0119\u0142a w 2022 roku. Uko\u0144czy\u0142a jednolite studia magisterskie na kierunku Prawo na Uniwersytecie w Bia\u0142ymstoku.<\/p><p>Obecnie jest aplikantk\u0105 radcowsk\u0105 w Okr\u0119gowej Izbie Radc\u00f3w Prawnych w Bia\u0142ymstoku. Na co dzie\u0144 zajmuje si\u0119 sporz\u0105dzaniem projekt\u00f3w opinii prawnych, pism procesowych w sprawach cywilnych oraz analiz\u0105 um\u00f3w.<\/p><p>Charakteryzuje j\u0105 aktywna postawa i determinacja w poszukiwaniu najlepszych rozwi\u0105za\u0144 problem\u00f3w, z jakimi mierz\u0105 si\u0119 Klienci kancelarii.<\/p>\t\t\t\t\t\t<\/div>\n\t\t\t\t<\/div>\n\t\t\t\t<div class=\"elementor-element elementor-element-d39d833 elementor-widget-divider--view-line elementor-widget elementor-widget-divider\" data-id=\"d39d833\" data-element_type=\"widget\" data-widget_type=\"divider.default\">\n\t\t\t\t<div class=\"elementor-widget-container\">\n\t\t\t\t\t<div class=\"elementor-divider\">\n\t\t\t<span class=\"elementor-divider-separator\">\n\t\t\t\t\t\t<\/span>\n\t\t<\/div>\n\t\t\t\t<\/div>\n\t\t\t\t<\/div>\n\t\t\t\t<div class=\"elementor-element elementor-element-fb94d46 elementor-widget-divider--view-line elementor-widget elementor-widget-divider\" data-id=\"fb94d46\" data-element_type=\"widget\" data-widget_type=\"divider.default\">\n\t\t\t\t<div class=\"elementor-widget-container\">\n\t\t\t\t\t<div class=\"elementor-divider\">\n\t\t\t<span class=\"elementor-divider-separator\">\n\t\t\t\t\t\t<\/span>\n\t\t<\/div>\n\t\t\t\t<\/div>\n\t\t\t\t<\/div>\n\t\t\t\t<\/div>\n\t\t\t\t<\/div>\n\t\t\t\t<div class=\"elementor-element elementor-element-b85b138 elementor-widget elementor-widget-heading\" data-id=\"b85b138\" data-element_type=\"widget\" data-widget_type=\"heading.default\">\n\t\t\t\t<div class=\"elementor-widget-container\">\n\t\t\t<h2 class=\"elementor-heading-title elementor-size-default\">Z Kancelari\u0105 wsp\u00f3\u0142pracuj\u0105 prawnicy legitymuj\u0105cy si\u0119 uprawnieniami adwokata, radcy prawnego, a tak\u017ce aplikanci adwokaccy i radcowscy. Jeste\u015bmy grup\u0105 pasjonat\u00f3w, lubi\u0105cych swoj\u0105 prac\u0119 i zaanga\u017cowanych w sprawy i interes naszych Klient\u00f3w.<\/h2>\t\t<\/div>\n\t\t\t\t<\/div>\n\t\t\t\t<\/div>\n\t\t\t\t\t<\/div>\n\t\t\t\t<\/div>\n\t\t<div class=\"elementor-element elementor-element-0172afc e-flex e-con-boxed e-con e-parent\" data-id=\"0172afc\" data-element_type=\"container\" data-settings=\"{&quot;_ha_eqh_enable&quot;:false}\">\n\t\t\t\t\t<div class=\"e-con-inner\">\n\t\t\t\t\t<\/div>\n\t\t\t\t<\/div>\n\t\t\t\t<\/div>\n\t\t","protected":false},"excerpt":{"rendered":"<p>Zesp\u00f3\u0142 Kancelarii Julia Grenda Aplikantka Radcowska Julia zdobywanie do\u015bwiadczenia zawodowego i wsp\u00f3\u0142prac\u0119 z Kancelari\u0105 rozpocz\u0119\u0142a w 2022 roku. Uko\u0144czy\u0142a jednolite studia magisterskie na kierunku Prawo na Uniwersytecie w Bia\u0142ymstoku. Obecnie jest aplikantk\u0105 radcowsk\u0105 w Okr\u0119gowej Izbie Radc\u00f3w Prawnych w Bia\u0142ymstoku. Na co dzie\u0144 zajmuje si\u0119 sporz\u0105dzaniem projekt\u00f3w opinii prawnych, pism procesowych w sprawach cywilnych oraz [&hellip;]<\/p>\n","protected":false},"author":2,"featured_media":0,"parent":0,"menu_order":0,"comment_status":"closed","ping_status":"closed","template":"","meta":{"inline_featured_image":false,"site-sidebar-layout":"no-sidebar","site-content-layout":"","ast-site-content-layout":"full-width-container","site-content-style":"default","site-sidebar-style":"default","ast-global-header-display":"","ast-banner-title-visibility":"","ast-main-header-display":"","ast-hfb-above-header-display":"","ast-hfb-below-header-display":"","ast-hfb-mobile-header-display":"","site-post-title":"disabled","ast-breadcrumbs-content":"","ast-featured-img":"disabled","footer-sml-layout":"","theme-transparent-header-meta":"default","adv-header-id-meta":"","stick-header-meta":"","header-above-stick-meta":"","header-main-stick-meta":"","header-below-stick-meta":"","astra-migrate-meta-layouts":"set","ast-page-background-enabled":"default","ast-page-background-meta":{"desktop":{"background-color":"var(--ast-global-color-4)","background-image":"","background-repeat":"repeat","background-position":"center center","background-size":"auto","background-attachment":"scroll","background-type":"","background-media":"","overlay-type":"","overlay-color":"","overlay-opacity":"","overlay-gradient":""},"tablet":{"background-color":"","background-image":"","background-repeat":"repeat","background-position":"center center","background-size":"auto","background-attachment":"scroll","background-type":"","background-media":"","overlay-type":"","overlay-color":"","overlay-opacity":"","overlay-gradient":""},"mobile":{"background-color":"","background-image":"","background-repeat":"repeat","background-position":"center center","background-size":"auto","background-attachment":"scroll","background-type":"","background-media":"","overlay-type":"","overlay-color":"","overlay-opacity":"","overlay-gradient":""}},"ast-content-background-meta":{"desktop":{"background-color":"var(--ast-global-color-5)","background-image":"","background-repeat":"repeat","background-position":"center center","background-size":"auto","background-attachment":"scroll","background-type":"","background-media":"","overlay-type":"","overlay-color":"","overlay-opacity":"","overlay-gradient":""},"tablet":{"background-color":"var(--ast-global-color-5)","background-image":"","background-repeat":"repeat","background-position":"center center","background-size":"auto","background-attachment":"scroll","background-type":"","background-media":"","overlay-type":"","overlay-color":"","overlay-opacity":"","overlay-gradient":""},"mobile":{"background-color":"var(--ast-global-color-5)","background-image":"","background-repeat":"repeat","background-position":"center center","background-size":"auto","background-attachment":"scroll","background-type":"","background-media":"","overlay-type":"","overlay-color":"","overlay-opacity":"","overlay-gradient":""}},"footnotes":""},"class_list":["post-1963","page","type-page","status-publish","hentry"],"_links":{"self":[{"href":"https:\/\/adwokatura-bialystok.pl\/index.php\/wp-json\/wp\/v2\/pages\/1963","targetHints":{"allow":["GET"]}}],"collection":[{"href":"https:\/\/adwokatura-bialystok.pl\/index.php\/wp-json\/wp\/v2\/pages"}],"about":[{"href":"https:\/\/adwokatura-bialystok.pl\/index.php\/wp-json\/wp\/v2\/types\/page"}],"author":[{"embeddable":true,"href":"https:\/\/adwokatura-bialystok.pl\/index.php\/wp-json\/wp\/v2\/users\/2"}],"replies":[{"embeddable":true,"href":"https:\/\/adwokatura-bialystok.pl\/index.php\/wp-json\/wp\/v2\/comments?post=1963"}],"version-history":[{"count":42,"href":"https:\/\/adwokatura-bialystok.pl\/index.php\/wp-json\/wp\/v2\/pages\/1963\/revisions"}],"predecessor-version":[{"id":2485,"href":"https:\/\/adwokatura-bialystok.pl\/index.php\/wp-json\/wp\/v2\/pages\/1963\/revisions\/2485"}],"wp:attachment":[{"href":"https:\/\/adwokatura-bialystok.pl\/index.php\/wp-json\/wp\/v2\/media?parent=1963"}],"curies":[{"name":"wp","href":"https:\/\/api.w.org\/{rel}","templated":true}]}}