{"id":2397,"date":"2026-01-15T12:30:29","date_gmt":"2026-01-15T11:30:29","guid":{"rendered":"https:\/\/adwokatura-bialystok.pl\/?page_id=2397"},"modified":"2026-01-19T12:11:54","modified_gmt":"2026-01-19T11:11:54","slug":"magdalena-marcinkiewicz","status":"publish","type":"page","link":"https:\/\/adwokatura-bialystok.pl\/index.php\/magdalena-marcinkiewicz\/","title":{"rendered":""},"content":{"rendered":"\t\t<div data-elementor-type=\"wp-page\" data-elementor-id=\"2397\" class=\"elementor elementor-2397\" data-elementor-post-type=\"page\">\n\t\t\t\t<div class=\"elementor-element elementor-element-1992332 e-flex e-con-boxed e-con e-parent\" data-id=\"1992332\" data-element_type=\"container\" data-settings=\"{&quot;_ha_eqh_enable&quot;:false}\">\n\t\t\t\t\t<div class=\"e-con-inner\">\n\t\t\t\t<div class=\"elementor-element elementor-element-9946d5b elementor-widget__width-initial elementor-widget elementor-widget-heading\" data-id=\"9946d5b\" data-element_type=\"widget\" data-widget_type=\"heading.default\">\n\t\t\t\t<div class=\"elementor-widget-container\">\n\t\t\t<h2 class=\"elementor-heading-title elementor-size-default\">Zesp\u00f3\u0142 Kancelarii<\/h2>\t\t<\/div>\n\t\t\t\t<\/div>\n\t\t\t\t\t<\/div>\n\t\t\t\t<\/div>\n\t\t<div class=\"elementor-element elementor-element-d8c827a e-con-full e-flex e-con e-parent\" data-id=\"d8c827a\" data-element_type=\"container\" data-settings=\"{&quot;_ha_eqh_enable&quot;:false}\">\n\t\t<div class=\"elementor-element elementor-element-9652027 e-con-full e-flex e-con e-child\" data-id=\"9652027\" data-element_type=\"container\" data-settings=\"{&quot;_ha_eqh_enable&quot;:false}\">\n\t\t\t\t<div class=\"elementor-element elementor-element-b6e99a3 elementor-widget elementor-widget-image\" data-id=\"b6e99a3\" data-element_type=\"widget\" data-widget_type=\"image.default\">\n\t\t\t\t<div class=\"elementor-widget-container\">\n\t\t\t\t\t\t\t\t\t\t\t\t\t<img fetchpriority=\"high\" decoding=\"async\" width=\"1365\" height=\"2048\" src=\"https:\/\/adwokatura-bialystok.pl\/wp-content\/uploads\/2026\/01\/madzia-1365x2048.jpg\" class=\"attachment-2048x2048 size-2048x2048 wp-image-2460\" alt=\"\" srcset=\"https:\/\/adwokatura-bialystok.pl\/wp-content\/uploads\/2026\/01\/madzia-1365x2048.jpg 1365w, https:\/\/adwokatura-bialystok.pl\/wp-content\/uploads\/2026\/01\/madzia-200x300.jpg 200w, https:\/\/adwokatura-bialystok.pl\/wp-content\/uploads\/2026\/01\/madzia-683x1024.jpg 683w, https:\/\/adwokatura-bialystok.pl\/wp-content\/uploads\/2026\/01\/madzia-768x1152.jpg 768w, https:\/\/adwokatura-bialystok.pl\/wp-content\/uploads\/2026\/01\/madzia-1024x1536.jpg 1024w, https:\/\/adwokatura-bialystok.pl\/wp-content\/uploads\/2026\/01\/madzia-scaled.jpg 1706w\" sizes=\"(max-width: 1365px) 100vw, 1365px\" \/>\t\t\t\t\t\t\t\t\t\t\t\t\t<\/div>\n\t\t\t\t<\/div>\n\t\t\t\t<\/div>\n\t\t<div class=\"elementor-element elementor-element-90d87fb e-con-full e-flex e-con e-child\" data-id=\"90d87fb\" data-element_type=\"container\" data-settings=\"{&quot;_ha_eqh_enable&quot;:false}\">\n\t\t\t\t<div class=\"elementor-element elementor-element-5ec7fe6 elementor-widget__width-initial elementor-widget elementor-widget-text-editor\" data-id=\"5ec7fe6\" data-element_type=\"widget\" data-widget_type=\"text-editor.default\">\n\t\t\t\t<div class=\"elementor-widget-container\">\n\t\t\t\t\t\t\t<h1 style=\"text-align: center;\">Magdalena Marcinkiewicz<\/h1>\n<h1 style=\"text-align: center;\">Aplikantka Radcowska<\/h1>\n<p>Magda jest absolwentk\u0105 jednolitych studi\u00f3w magisterskich na kierunku prawo na Uniwersytecie w Bia\u0142ymstoku.<\/p>\n<p>Do\u015bwiadczenie zawodowe zdobywa od 2022 roku, pocz\u0105tkowo w kancelariach prawnych w Bia\u0142ymstoku, a od 2024 roku w ramach wsp\u00f3\u0142pracy z Kancelari\u0105 Adwokack\u0105 Sylwia Tokarzewska &amp; Wsp\u00f3lnicy. W 2025 roku rozpocz\u0119\u0142a aplikacj\u0119 radcowsk\u0105 przy Okr\u0119gowej Izbie Radc\u00f3w Prawnych w Bia\u0142ymstoku.<\/p>\n<p>W swojej praktyce zajmuje si\u0119 sporz\u0105dzaniem projekt\u00f3w pism procesowych oraz opinii prawnych&nbsp; z r\u00f3\u017cnych dziedzin prawa, w szczeg\u00f3lno\u015bci prawa cywilnego, ze szczeg\u00f3lnym uwzgl\u0119dnieniem spraw rodzinnych i spadkowych. Do jej zada\u0144 nale\u017cy r\u00f3wnie\u017c obs\u0142uga prawna podmiot\u00f3w realizuj\u0105cych zadania o charakterze publicznym.<\/p>\n<p>Charakteryzuje si\u0119 wysok\u0105 dok\u0142adno\u015bci\u0105, odpowiedzialno\u015bci\u0105 oraz umiej\u0119tno\u015bci\u0105 analitycznego my\u015blenia. W pracy ceni sobie dobr\u0105 organizacj\u0119, jasn\u0105 komunikacj\u0119 oraz wsp\u00f3\u0142prac\u0119, a tak\u017ce wykazuje si\u0119 umiej\u0119tno\u015bci\u0105 pracy pod presj\u0105 czasu i dostosowywania si\u0119 do zmieniaj\u0105cych si\u0119 potrzeb klient\u00f3w.<\/p><p><br><\/p>\t\t\t\t\t\t<\/div>\n\t\t\t\t<\/div>\n\t\t\t\t<\/div>\n\t\t\t\t<\/div>\n\t\t<div class=\"elementor-element elementor-element-41f87b9 e-flex e-con-boxed e-con e-parent\" data-id=\"41f87b9\" data-element_type=\"container\" data-settings=\"{&quot;_ha_eqh_enable&quot;:false}\">\n\t\t\t\t\t<div class=\"e-con-inner\">\n\t\t\t\t\t<\/div>\n\t\t\t\t<\/div>\n\t\t\t\t<\/div>\n\t\t","protected":false},"excerpt":{"rendered":"<p>Zesp\u00f3\u0142 Kancelarii Magdalena Marcinkiewicz Aplikantka Radcowska Magda jest absolwentk\u0105 jednolitych studi\u00f3w magisterskich na kierunku prawo na Uniwersytecie w Bia\u0142ymstoku. Do\u015bwiadczenie zawodowe zdobywa od 2022 roku, pocz\u0105tkowo w kancelariach prawnych w Bia\u0142ymstoku, a od 2024 roku w ramach wsp\u00f3\u0142pracy z Kancelari\u0105 Adwokack\u0105 Sylwia Tokarzewska &amp; Wsp\u00f3lnicy. W 2025 roku rozpocz\u0119\u0142a aplikacj\u0119 radcowsk\u0105 przy Okr\u0119gowej Izbie Radc\u00f3w [&hellip;]<\/p>\n","protected":false},"author":4,"featured_media":0,"parent":0,"menu_order":0,"comment_status":"closed","ping_status":"closed","template":"elementor_theme","meta":{"inline_featured_image":false,"site-sidebar-layout":"default","site-content-layout":"","ast-site-content-layout":"default","site-content-style":"default","site-sidebar-style":"default","ast-global-header-display":"","ast-banner-title-visibility":"","ast-main-header-display":"","ast-hfb-above-header-display":"","ast-hfb-below-header-display":"","ast-hfb-mobile-header-display":"","site-post-title":"","ast-breadcrumbs-content":"","ast-featured-img":"","footer-sml-layout":"","theme-transparent-header-meta":"default","adv-header-id-meta":"","stick-header-meta":"","header-above-stick-meta":"","header-main-stick-meta":"","header-below-stick-meta":"","astra-migrate-meta-layouts":"set","ast-page-background-enabled":"default","ast-page-background-meta":{"desktop":{"background-color":"var(--ast-global-color-4)","background-image":"","background-repeat":"repeat","background-position":"center center","background-size":"auto","background-attachment":"scroll","background-type":"","background-media":"","overlay-type":"","overlay-color":"","overlay-opacity":"","overlay-gradient":""},"tablet":{"background-color":"","background-image":"","background-repeat":"repeat","background-position":"center center","background-size":"auto","background-attachment":"scroll","background-type":"","background-media":"","overlay-type":"","overlay-color":"","overlay-opacity":"","overlay-gradient":""},"mobile":{"background-color":"","background-image":"","background-repeat":"repeat","background-position":"center center","background-size":"auto","background-attachment":"scroll","background-type":"","background-media":"","overlay-type":"","overlay-color":"","overlay-opacity":"","overlay-gradient":""}},"ast-content-background-meta":{"desktop":{"background-color":"var(--ast-global-color-5)","background-image":"","background-repeat":"repeat","background-position":"center center","background-size":"auto","background-attachment":"scroll","background-type":"","background-media":"","overlay-type":"","overlay-color":"","overlay-opacity":"","overlay-gradient":""},"tablet":{"background-color":"var(--ast-global-color-5)","background-image":"","background-repeat":"repeat","background-position":"center center","background-size":"auto","background-attachment":"scroll","background-type":"","background-media":"","overlay-type":"","overlay-color":"","overlay-opacity":"","overlay-gradient":""},"mobile":{"background-color":"var(--ast-global-color-5)","background-image":"","background-repeat":"repeat","background-position":"center center","background-size":"auto","background-attachment":"scroll","background-type":"","background-media":"","overlay-type":"","overlay-color":"","overlay-opacity":"","overlay-gradient":""}},"footnotes":""},"class_list":["post-2397","page","type-page","status-publish","hentry"],"_links":{"self":[{"href":"https:\/\/adwokatura-bialystok.pl\/index.php\/wp-json\/wp\/v2\/pages\/2397","targetHints":{"allow":["GET"]}}],"collection":[{"href":"https:\/\/adwokatura-bialystok.pl\/index.php\/wp-json\/wp\/v2\/pages"}],"about":[{"href":"https:\/\/adwokatura-bialystok.pl\/index.php\/wp-json\/wp\/v2\/types\/page"}],"author":[{"embeddable":true,"href":"https:\/\/adwokatura-bialystok.pl\/index.php\/wp-json\/wp\/v2\/users\/4"}],"replies":[{"embeddable":true,"href":"https:\/\/adwokatura-bialystok.pl\/index.php\/wp-json\/wp\/v2\/comments?post=2397"}],"version-history":[{"count":23,"href":"https:\/\/adwokatura-bialystok.pl\/index.php\/wp-json\/wp\/v2\/pages\/2397\/revisions"}],"predecessor-version":[{"id":2494,"href":"https:\/\/adwokatura-bialystok.pl\/index.php\/wp-json\/wp\/v2\/pages\/2397\/revisions\/2494"}],"wp:attachment":[{"href":"https:\/\/adwokatura-bialystok.pl\/index.php\/wp-json\/wp\/v2\/media?parent=2397"}],"curies":[{"name":"wp","href":"https:\/\/api.w.org\/{rel}","templated":true}]}}