{"id":2412,"date":"2026-01-15T14:26:21","date_gmt":"2026-01-15T13:26:21","guid":{"rendered":"https:\/\/adwokatura-bialystok.pl\/?page_id=2412"},"modified":"2026-01-19T12:09:41","modified_gmt":"2026-01-19T11:09:41","slug":"oliwia-demianczuk","status":"publish","type":"page","link":"https:\/\/adwokatura-bialystok.pl\/index.php\/oliwia-demianczuk\/","title":{"rendered":"Oliwia Demia\u0144czuk"},"content":{"rendered":"\t\t<div data-elementor-type=\"wp-page\" data-elementor-id=\"2412\" class=\"elementor elementor-2412\" data-elementor-post-type=\"page\">\n\t\t\t\t<div class=\"elementor-element elementor-element-c5dac3f e-flex e-con-boxed e-con e-parent\" data-id=\"c5dac3f\" data-element_type=\"container\" data-settings=\"{&quot;_ha_eqh_enable&quot;:false}\">\n\t\t\t\t\t<div class=\"e-con-inner\">\n\t\t\t\t\t<\/div>\n\t\t\t\t<\/div>\n\t\t<div class=\"elementor-element elementor-element-cecc4fa e-flex e-con-boxed e-con e-parent\" data-id=\"cecc4fa\" data-element_type=\"container\" data-settings=\"{&quot;_ha_eqh_enable&quot;:false}\">\n\t\t\t\t\t<div class=\"e-con-inner\">\n\t\t\t\t<div class=\"elementor-element elementor-element-c170d3a elementor-widget elementor-widget-heading\" data-id=\"c170d3a\" data-element_type=\"widget\" data-widget_type=\"heading.default\">\n\t\t\t\t<div class=\"elementor-widget-container\">\n\t\t\t<h2 class=\"elementor-heading-title elementor-size-default\">Zesp\u00f3\u0142 Kancelarii<\/h2>\t\t<\/div>\n\t\t\t\t<\/div>\n\t\t\t\t\t<\/div>\n\t\t\t\t<\/div>\n\t\t<div class=\"elementor-element elementor-element-294eca0 e-con-full e-flex e-con e-parent\" data-id=\"294eca0\" data-element_type=\"container\" data-settings=\"{&quot;_ha_eqh_enable&quot;:false}\">\n\t\t<div class=\"elementor-element elementor-element-0533136 e-con-full e-flex e-con e-child\" data-id=\"0533136\" data-element_type=\"container\" data-settings=\"{&quot;_ha_eqh_enable&quot;:false}\">\n\t\t\t\t<div class=\"elementor-element elementor-element-7db04b3 elementor-widget elementor-widget-image\" data-id=\"7db04b3\" data-element_type=\"widget\" data-widget_type=\"image.default\">\n\t\t\t\t<div class=\"elementor-widget-container\">\n\t\t\t\t\t\t\t\t\t\t\t\t\t<img fetchpriority=\"high\" decoding=\"async\" width=\"683\" height=\"1024\" src=\"https:\/\/adwokatura-bialystok.pl\/wp-content\/uploads\/2026\/01\/ja-poprawka-683x1024.jpg\" class=\"attachment-large size-large wp-image-2461\" alt=\"\" srcset=\"https:\/\/adwokatura-bialystok.pl\/wp-content\/uploads\/2026\/01\/ja-poprawka-683x1024.jpg 683w, https:\/\/adwokatura-bialystok.pl\/wp-content\/uploads\/2026\/01\/ja-poprawka-200x300.jpg 200w, https:\/\/adwokatura-bialystok.pl\/wp-content\/uploads\/2026\/01\/ja-poprawka-768x1152.jpg 768w, https:\/\/adwokatura-bialystok.pl\/wp-content\/uploads\/2026\/01\/ja-poprawka-1024x1536.jpg 1024w, https:\/\/adwokatura-bialystok.pl\/wp-content\/uploads\/2026\/01\/ja-poprawka-1366x2048.jpg 1366w, https:\/\/adwokatura-bialystok.pl\/wp-content\/uploads\/2026\/01\/ja-poprawka.jpg 1557w\" sizes=\"(max-width: 683px) 100vw, 683px\" \/>\t\t\t\t\t\t\t\t\t\t\t\t\t<\/div>\n\t\t\t\t<\/div>\n\t\t\t\t<\/div>\n\t\t<div class=\"elementor-element elementor-element-3c9e442 e-con-full e-flex e-con e-child\" data-id=\"3c9e442\" data-element_type=\"container\" data-settings=\"{&quot;_ha_eqh_enable&quot;:false}\">\n\t\t\t\t<div class=\"elementor-element elementor-element-26546ed elementor-widget elementor-widget-text-editor\" data-id=\"26546ed\" data-element_type=\"widget\" data-widget_type=\"text-editor.default\">\n\t\t\t\t<div class=\"elementor-widget-container\">\n\t\t\t\t\t\t\t<h1 style=\"text-align: center;\" data-start=\"74\" data-end=\"241\">Oliwia Demia\u0144czuk<\/h1><h1 style=\"text-align: center;\" data-start=\"74\" data-end=\"241\">\u00a0Studentka Prawa<\/h1><p data-start=\"74\" data-end=\"241\">Oliwia jest studentk\u0105 Wydzia\u0142u Prawa Uniwersytetu w Bia\u0142ymstoku. Do\u015bwiadczenie zawodowe zdobywa w ramach wsp\u00f3\u0142pracy z Kancelari\u0105 Adwokack\u0105 Sylwia Tokarzewska &amp; Wsp\u00f3lnicy.<\/p><p data-start=\"243\" data-end=\"568\">W swojej praktyce zajmuje si\u0119 sporz\u0105dzaniem projekt\u00f3w pism oraz analiz\u0105 zagadnie\u0144 prawnych z r\u00f3\u017cnych dziedzin prawa. Odpowiada r\u00f3wnie\u017c za prowadzenie oraz bie\u017c\u0105c\u0105 obs\u0142ug\u0119 medi\u00f3w spo\u0142eczno\u015bciowych kancelarii. Szczeg\u00f3lne zainteresowania zawodowe koncentruje wok\u00f3\u0142 prawa karnego, z kt\u00f3rym wi\u0105\u017ce swoj\u0105 dalsz\u0105 \u015bcie\u017ck\u0119 rozwoju.<\/p><p data-start=\"570\" data-end=\"868\">Charakteryzuje si\u0119 wysok\u0105 dok\u0142adno\u015bci\u0105, odpowiedzialno\u015bci\u0105 oraz rozwini\u0119tym my\u015bleniem analitycznym, , a tak\u017ce wykazuje si\u0119 umiej\u0119tno\u015bci\u0105 pracy pod presj\u0105 czasu. W pracy ceni dobr\u0105 organizacj\u0119, jasn\u0105 komunikacj\u0119 i wsp\u00f3\u0142prac\u0119 zespo\u0142ow\u0105.<\/p>\t\t\t\t\t\t<\/div>\n\t\t\t\t<\/div>\n\t\t\t\t<\/div>\n\t\t\t\t<\/div>\n\t\t<div class=\"elementor-element elementor-element-e955c2c e-flex e-con-boxed e-con e-parent\" data-id=\"e955c2c\" data-element_type=\"container\" data-settings=\"{&quot;_ha_eqh_enable&quot;:false}\">\n\t\t\t\t\t<div class=\"e-con-inner\">\n\t\t\t\t\t<\/div>\n\t\t\t\t<\/div>\n\t\t\t\t<\/div>\n\t\t","protected":false},"excerpt":{"rendered":"<p>Zesp\u00f3\u0142 Kancelarii Oliwia Demia\u0144czuk \u00a0Studentka Prawa Oliwia jest studentk\u0105 Wydzia\u0142u Prawa Uniwersytetu w Bia\u0142ymstoku. Do\u015bwiadczenie zawodowe zdobywa w ramach wsp\u00f3\u0142pracy z Kancelari\u0105 Adwokack\u0105 Sylwia Tokarzewska &amp; Wsp\u00f3lnicy. W swojej praktyce zajmuje si\u0119 sporz\u0105dzaniem projekt\u00f3w pism oraz analiz\u0105 zagadnie\u0144 prawnych z r\u00f3\u017cnych dziedzin prawa. Odpowiada r\u00f3wnie\u017c za prowadzenie oraz bie\u017c\u0105c\u0105 obs\u0142ug\u0119 medi\u00f3w spo\u0142eczno\u015bciowych kancelarii. Szczeg\u00f3lne zainteresowania [&hellip;]<\/p>\n","protected":false},"author":4,"featured_media":0,"parent":0,"menu_order":0,"comment_status":"closed","ping_status":"closed","template":"","meta":{"inline_featured_image":false,"site-sidebar-layout":"no-sidebar","site-content-layout":"","ast-site-content-layout":"full-width-container","site-content-style":"default","site-sidebar-style":"default","ast-global-header-display":"","ast-banner-title-visibility":"","ast-main-header-display":"","ast-hfb-above-header-display":"","ast-hfb-below-header-display":"","ast-hfb-mobile-header-display":"","site-post-title":"disabled","ast-breadcrumbs-content":"","ast-featured-img":"disabled","footer-sml-layout":"","theme-transparent-header-meta":"","adv-header-id-meta":"","stick-header-meta":"","header-above-stick-meta":"","header-main-stick-meta":"","header-below-stick-meta":"","astra-migrate-meta-layouts":"default","ast-page-background-enabled":"default","ast-page-background-meta":{"desktop":{"background-color":"var(--ast-global-color-4)","background-image":"","background-repeat":"repeat","background-position":"center center","background-size":"auto","background-attachment":"scroll","background-type":"","background-media":"","overlay-type":"","overlay-color":"","overlay-opacity":"","overlay-gradient":""},"tablet":{"background-color":"","background-image":"","background-repeat":"repeat","background-position":"center center","background-size":"auto","background-attachment":"scroll","background-type":"","background-media":"","overlay-type":"","overlay-color":"","overlay-opacity":"","overlay-gradient":""},"mobile":{"background-color":"","background-image":"","background-repeat":"repeat","background-position":"center center","background-size":"auto","background-attachment":"scroll","background-type":"","background-media":"","overlay-type":"","overlay-color":"","overlay-opacity":"","overlay-gradient":""}},"ast-content-background-meta":{"desktop":{"background-color":"var(--ast-global-color-5)","background-image":"","background-repeat":"repeat","background-position":"center center","background-size":"auto","background-attachment":"scroll","background-type":"","background-media":"","overlay-type":"","overlay-color":"","overlay-opacity":"","overlay-gradient":""},"tablet":{"background-color":"var(--ast-global-color-5)","background-image":"","background-repeat":"repeat","background-position":"center center","background-size":"auto","background-attachment":"scroll","background-type":"","background-media":"","overlay-type":"","overlay-color":"","overlay-opacity":"","overlay-gradient":""},"mobile":{"background-color":"var(--ast-global-color-5)","background-image":"","background-repeat":"repeat","background-position":"center center","background-size":"auto","background-attachment":"scroll","background-type":"","background-media":"","overlay-type":"","overlay-color":"","overlay-opacity":"","overlay-gradient":""}},"footnotes":""},"class_list":["post-2412","page","type-page","status-publish","hentry"],"_links":{"self":[{"href":"https:\/\/adwokatura-bialystok.pl\/index.php\/wp-json\/wp\/v2\/pages\/2412","targetHints":{"allow":["GET"]}}],"collection":[{"href":"https:\/\/adwokatura-bialystok.pl\/index.php\/wp-json\/wp\/v2\/pages"}],"about":[{"href":"https:\/\/adwokatura-bialystok.pl\/index.php\/wp-json\/wp\/v2\/types\/page"}],"author":[{"embeddable":true,"href":"https:\/\/adwokatura-bialystok.pl\/index.php\/wp-json\/wp\/v2\/users\/4"}],"replies":[{"embeddable":true,"href":"https:\/\/adwokatura-bialystok.pl\/index.php\/wp-json\/wp\/v2\/comments?post=2412"}],"version-history":[{"count":18,"href":"https:\/\/adwokatura-bialystok.pl\/index.php\/wp-json\/wp\/v2\/pages\/2412\/revisions"}],"predecessor-version":[{"id":2491,"href":"https:\/\/adwokatura-bialystok.pl\/index.php\/wp-json\/wp\/v2\/pages\/2412\/revisions\/2491"}],"wp:attachment":[{"href":"https:\/\/adwokatura-bialystok.pl\/index.php\/wp-json\/wp\/v2\/media?parent=2412"}],"curies":[{"name":"wp","href":"https:\/\/api.w.org\/{rel}","templated":true}]}}