{"id":3,"date":"2024-07-11T20:38:19","date_gmt":"2024-07-11T18:38:19","guid":{"rendered":"http:\/\/serwer168869.lh.pl\/autoinstalator\/serwer168869.lh.pl\/wordpress74863\/?page_id=3"},"modified":"2024-07-18T15:39:21","modified_gmt":"2024-07-18T13:39:21","slug":"polityka-prywatnosci","status":"publish","type":"page","link":"https:\/\/adwokatura-bialystok.pl\/index.php\/polityka-prywatnosci\/","title":{"rendered":"Polityka prywatno\u015bci"},"content":{"rendered":"\t\t<div data-elementor-type=\"wp-page\" data-elementor-id=\"3\" class=\"elementor elementor-3\" data-elementor-post-type=\"page\">\n\t\t\t\t<div class=\"elementor-element elementor-element-280c82d9 e-flex e-con-boxed e-con e-parent\" data-id=\"280c82d9\" data-element_type=\"container\" data-settings=\"{&quot;_ha_eqh_enable&quot;:false}\">\n\t\t\t\t\t<div class=\"e-con-inner\">\n\t\t\t\t<div class=\"elementor-element elementor-element-1a2d74af elementor-widget elementor-widget-text-editor\" data-id=\"1a2d74af\" data-element_type=\"widget\" data-widget_type=\"text-editor.default\">\n\t\t\t\t<div class=\"elementor-widget-container\">\n\t\t\t\t\t\t\t<!-- wp:paragraph -->\n<p><\/p>\n<!-- \/wp:paragraph -->\n\n<!-- wp:heading -->\n<h2 class=\"wp-block-heading\">Zgodnie z art. 13 ust. 1 i ust. 2 Rozporz\u0105dzenia Parlamentu Europejskiego i Rady (UE) 2016\/679 z dnia 27 kwietnia 2016 r. w sprawie ochrony os\u00f3b fizycznych w zwi\u0105zku z przetwarzaniem danych osobowych i w sprawie swobodnego przep\u0142ywu takich danych oraz uchylenia dyrektywy 95\/46\/WE (zwanego dalej: \u201eRODO\u201d), informuj\u0119 i\u017c:<\/h2>\n<!-- \/wp:heading -->\n\n<!-- wp:heading {\"level\":4} -->\n<h4 class=\"wp-block-heading\">I. Administrator danych osobowych.<\/h4>\n<!-- \/wp:heading -->\n\n<!-- wp:paragraph -->\n<p>Administratorem Pa\u0144stwa danych osobowych jest Sylwia Tokarzewska prowadz\u0105ca dzia\u0142alno\u015b\u0107 gospodarcz\u0105 pod firm\u0105: Kancelaria Adwokacka w Bia\u0142ymstoku adwokat Sylwia Tokarzewska, ul. Mickiewicza 83 lok. U3, 15-257 Bia\u0142ystok, NIP: 5422547663, REGON: 052256549, adres e-mail:&nbsp;<a href=\"mailto:adwokat.tokarzewska@gmail.com\">adwokat.tokarzewska@gmail.com<\/a><\/p>\n<!-- \/wp:paragraph -->\n\n<!-- wp:heading {\"level\":4} -->\n<h4 class=\"wp-block-heading\">II. Kontakt z Administratorem.<\/h4>\n<!-- \/wp:heading -->\n\n<!-- wp:paragraph -->\n<p>Mo\u017cliwe formy kontaktu z Administratorem to:<\/p>\n<!-- \/wp:paragraph -->\n\n<!-- wp:paragraph -->\n<p>1) kontakt telefoniczny:&nbsp;<a href=\"http:\/\/+48503165944\/\" target=\"_blank\" rel=\"noreferrer noopener\">+48503165944<\/a><\/p>\n<!-- \/wp:paragraph -->\n\n<!-- wp:paragraph -->\n<p>2) kontakt za pomoc\u0105 poczty elektronicznej e-mail:&nbsp;<a href=\"mailto:adwokat.tokarzewska@gmail.com\">adwokat.tokarzewska@gmail.com<\/a><\/p>\n<!-- \/wp:paragraph -->\n\n<!-- wp:paragraph -->\n<p>3) kontakt za pomoc\u0105 formularza kontaktowego znajduj\u0105cego si\u0119 na stronie&nbsp;<a href=\"https:\/\/adwokatura-bialystok.pl\/\">https:\/\/adwokatura-bialystok.pl<\/a><\/p>\n<!-- \/wp:paragraph -->\n\n<!-- wp:paragraph -->\n<p>4) kontakt listowny na adres korespondencyjny: ul. Mickiewicza 83 lok. U3, 15 -257 Bia\u0142ystok<\/p>\n<!-- \/wp:paragraph -->\n\n<!-- wp:heading {\"level\":4} -->\n<h4 class=\"wp-block-heading\">III. Rodzaj przetwarzanych danych osobowych.<\/h4>\n<!-- \/wp:heading -->\n\n<!-- wp:paragraph -->\n<p>Przetwarzanie danych osobowych obejmuje nast\u0119puj\u0105ce rodzaje danych:<\/p>\n<!-- \/wp:paragraph -->\n\n<!-- wp:paragraph -->\n<p>\u2013 imi\u0119\/ imiona i nazwisko,<\/p>\n<!-- \/wp:paragraph -->\n\n<!-- wp:paragraph -->\n<p>\u2013 oznaczenie firmy;<\/p>\n<!-- \/wp:paragraph -->\n\n<!-- wp:paragraph -->\n<p>\u2013 adres e-mail,<\/p>\n<!-- \/wp:paragraph -->\n\n<!-- wp:paragraph -->\n<p>\u2013 numer telefonu,<\/p>\n<!-- \/wp:paragraph -->\n\n<!-- wp:paragraph -->\n<p>\u2013 adres do korespondencji,<\/p>\n<!-- \/wp:paragraph -->\n\n<!-- wp:paragraph -->\n<p>\u2013 dane przekazane przez Pa\u0144stwa w trakcie realizacji umowy zawieranej z Administratorem w zwi\u0105zku ze \u015bwiadczonymi us\u0142ugami prawnymi,<\/p>\n<!-- \/wp:paragraph -->\n\n<!-- wp:paragraph -->\n<p>\u2013 dane uzyskane od innych os\u00f3b w trakcie realizacji umowy (np. strony przeciwnej, s\u0105du, komornika).<\/p>\n<!-- \/wp:paragraph -->\n\n<!-- wp:heading {\"level\":4} -->\n<h4 class=\"wp-block-heading\">IV. Cel przetwarzania danych osobowych oraz podstawa prawna ich przetwarzania.<\/h4>\n<!-- \/wp:heading -->\n\n<!-- wp:paragraph -->\n<p>1. Pa\u0144stwa dane osobowe b\u0119d\u0105 przetwarzane zgodnie z zasadami wskazanymi w art. 5 RODO oraz art. 6 ustawy z dnia 26.05.1982r. Prawo o adwokaturze (j.t. Dz.U. 2017r., poz. 2368 z p\u00f3\u017an. zm.) w celu:<\/p>\n<!-- \/wp:paragraph -->\n\n<!-- wp:paragraph -->\n<p>a. wywi\u0105zania si\u0119 Administratora z obowi\u0105zk\u00f3w wynikaj\u0105cych z umowy o \u015bwiadczenie pomocy prawnej, zgodnie z art. 6 ust. 1 lit. a RODO,<\/p>\n<!-- \/wp:paragraph -->\n\n<!-- wp:paragraph -->\n<p>b. wype\u0142nienia obowi\u0105zk\u00f3w Administratora w interesie osoby, kt\u00f3rej dane dotycz\u0105 przed zawarciem umowy, zgodnie z art. 6 ust. 1 lit. b RODO,<\/p>\n<!-- \/wp:paragraph -->\n\n<!-- wp:paragraph -->\n<p>c. wywi\u0105zania si\u0119 z obowi\u0105zku prawnego ci\u0105\u017c\u0105cego na Administratorze, zgodnie z art. 6 ust. 1 lit. c RODO.<\/p>\n<!-- \/wp:paragraph -->\n\n<!-- wp:paragraph -->\n<p>2. Podanie danych osobowych jest dobrowolne. Przetwarzanie danych osobowych jest jednak niezb\u0119dne w celu realizacji umownych obowi\u0105zk\u00f3w Administratora w zakresie \u015bwiadczenie us\u0142ug pomocy prawnej.<\/p>\n<!-- \/wp:paragraph -->\n\n<!-- wp:heading {\"level\":4} -->\n<h4 class=\"wp-block-heading\">V. Odbiorcy danych osobowych.<\/h4>\n<!-- \/wp:heading -->\n\n<!-- wp:paragraph -->\n<p>1. Pa\u0144stwa dane osobowe mog\u0105 by\u0107 udost\u0119pniane nast\u0119puj\u0105cym podmiotom:<\/p>\n<!-- \/wp:paragraph -->\n\n<!-- wp:paragraph -->\n<p>\u2013 podmiotom zajmuj\u0105cych si\u0119 w ramach prowadzonej dzia\u0142alno\u015bci gospodarczej Administratora obs\u0142ug\u0105 ksi\u0119gow\u0105 i rachunkow\u0105;<\/p>\n<!-- \/wp:paragraph -->\n\n<!-- wp:paragraph -->\n<p>\u2013 podmiot\u00f3w zajmuj\u0105cych si\u0119 w ramach prowadzonej dzia\u0142alno\u015bci gospodarczej Administratora obs\u0142ug\u0105 system\u00f3w informatycznych;<\/p>\n<!-- \/wp:paragraph -->\n\n<!-- wp:paragraph -->\n<p>\u2013 s\u0105dom powszechnym, s\u0105dom administracyjnym, organom administracyjnym;<\/p>\n<!-- \/wp:paragraph -->\n\n<!-- wp:paragraph -->\n<p>\u2013 podmiotom wsp\u00f3\u0142pracuj\u0105cym z Administratorem na potrzeby realizacji us\u0142ug pomocy prawnej lub celem wykonania obowi\u0105zk\u00f3w wynikaj\u0105cych z przepis\u00f3w prawa.<\/p>\n<!-- \/wp:paragraph -->\n\n<!-- wp:paragraph -->\n<p>2. Administrator nie zamierza przekazywa\u0107 Pa\u0144stwa danych osobowych do pa\u0144stwa trzeciego ani do organizacji mi\u0119dzynarodowych.<\/p>\n<!-- \/wp:paragraph -->\n\n<!-- wp:heading {\"level\":4} -->\n<h4 class=\"wp-block-heading\">VI. Okres przetwarzania i przechowywania danych osobowych.<\/h4>\n<!-- \/wp:heading -->\n\n<!-- wp:paragraph -->\n<p>Pa\u0144stwa dane osobowe b\u0119d\u0105 przetwarzane do czasu ustania celu ich przetwarzania w zwi\u0105zku z zawart\u0105 umow\u0105 o \u015bwiadczenie pomocy prawnej lub do czasu wycofania zgody na ich przetwarzanie, nie d\u0142u\u017cej jednak ni\u017c do przedawnienia dochodzenia roszczenia lub zatarcia skazania.<\/p>\n<!-- \/wp:paragraph -->\n\n<!-- wp:heading {\"level\":4} -->\n<h4 class=\"wp-block-heading\">VII. Prawa os\u00f3b, kt\u00f3rych dane osobowe s\u0105 przetwarzane.<\/h4>\n<!-- \/wp:heading -->\n\n<!-- wp:paragraph -->\n<p>Osobie, kt\u00f3rej dane osobowe dotycz\u0105, przys\u0142uguj\u0105 nast\u0119puj\u0105ce prawa:<\/p>\n<!-- \/wp:paragraph -->\n\n<!-- wp:paragraph -->\n<p>a. prawo dost\u0119pu do jej danych, zgodnie z art. 24 ust. 1 pkt 3 UODO oraz art. 15 RODO;<\/p>\n<!-- \/wp:paragraph -->\n\n<!-- wp:paragraph -->\n<p>b. prawo sprostowania jej danych, zgodnie z art. 24 ust. 1 pkt 3 UODO oraz art. 16 RODO;<\/p>\n<!-- \/wp:paragraph -->\n\n<!-- wp:paragraph -->\n<p>c. prawo usuni\u0119cia jej danych (\u201eprawo do bycia zapomnianym\u201d), zgodnie z art. 17 RODO;<\/p>\n<!-- \/wp:paragraph -->\n\n<!-- wp:paragraph -->\n<p>d. prawo ograniczenia jej danych, zgodnie z art. 18 RODO;<\/p>\n<!-- \/wp:paragraph -->\n\n<!-- wp:paragraph -->\n<p>e. prawo przeniesienia jej danych, zgodnie z art. 20 RODO;<\/p>\n<!-- \/wp:paragraph -->\n\n<!-- wp:paragraph -->\n<p>f. prawo sprzeciwu wobec przetwarzania danych, zgodnie z art. 21 RODO.<\/p>\n<!-- \/wp:paragraph -->\n\n<!-- wp:paragraph -->\n<p>W celu skorzystania z w\/w praw, nale\u017cy skontaktowa\u0107 si\u0119 z Administratorem w jeden ze sposob\u00f3w wskazanych w punkcie II niniejszej klauzuli informacyjnej.<\/p>\n<!-- \/wp:paragraph -->\n\n<!-- wp:paragraph -->\n<p>Osoba, kt\u00f3rej dane dotycz\u0105 ma r\u00f3wnie\u017c prawo do wniesienia skargi do organu nadzorczego \u2013 Prezesa Urz\u0119du Ochrony Danych Osobowych, je\u015bli s\u0105dzi, \u017ce przetwarzanie jego danych osobowych narusza RODO.<\/p>\n<!-- \/wp:paragraph -->\t\t\t\t\t\t<\/div>\n\t\t\t\t<\/div>\n\t\t\t\t\t<\/div>\n\t\t\t\t<\/div>\n\t\t\t\t<\/div>\n\t\t","protected":false},"excerpt":{"rendered":"<p>Zgodnie z art. 13 ust. 1 i ust. 2 Rozporz\u0105dzenia Parlamentu Europejskiego i Rady (UE) 2016\/679 z dnia 27 kwietnia 2016 r. w sprawie ochrony os\u00f3b fizycznych w zwi\u0105zku z przetwarzaniem danych osobowych i w sprawie swobodnego przep\u0142ywu takich danych oraz uchylenia dyrektywy 95\/46\/WE (zwanego dalej: \u201eRODO\u201d), informuj\u0119 i\u017c: I. Administrator danych osobowych. Administratorem Pa\u0144stwa [&hellip;]<\/p>\n","protected":false},"author":1,"featured_media":0,"parent":0,"menu_order":0,"comment_status":"closed","ping_status":"open","template":"","meta":{"inline_featured_image":false,"site-sidebar-layout":"default","site-content-layout":"","ast-site-content-layout":"","site-content-style":"unboxed","site-sidebar-style":"default","ast-global-header-display":"","ast-banner-title-visibility":"","ast-main-header-display":"","ast-hfb-above-header-display":"","ast-hfb-below-header-display":"","ast-hfb-mobile-header-display":"","site-post-title":"","ast-breadcrumbs-content":"","ast-featured-img":"","footer-sml-layout":"","theme-transparent-header-meta":"","adv-header-id-meta":"","stick-header-meta":"","header-above-stick-meta":"","header-main-stick-meta":"","header-below-stick-meta":"","astra-migrate-meta-layouts":"default","ast-page-background-enabled":"default","ast-page-background-meta":{"desktop":{"background-color":"var(--ast-global-color-4)","background-image":"","background-repeat":"repeat","background-position":"center center","background-size":"auto","background-attachment":"scroll","background-type":"","background-media":"","overlay-type":"","overlay-color":"","overlay-opacity":"","overlay-gradient":""},"tablet":{"background-color":"","background-image":"","background-repeat":"repeat","background-position":"center center","background-size":"auto","background-attachment":"scroll","background-type":"","background-media":"","overlay-type":"","overlay-color":"","overlay-opacity":"","overlay-gradient":""},"mobile":{"background-color":"","background-image":"","background-repeat":"repeat","background-position":"center center","background-size":"auto","background-attachment":"scroll","background-type":"","background-media":"","overlay-type":"","overlay-color":"","overlay-opacity":"","overlay-gradient":""}},"ast-content-background-meta":{"desktop":{"background-color":"var(--ast-global-color-5)","background-image":"","background-repeat":"repeat","background-position":"center center","background-size":"auto","background-attachment":"scroll","background-type":"","background-media":"","overlay-type":"","overlay-color":"","overlay-opacity":"","overlay-gradient":""},"tablet":{"background-color":"var(--ast-global-color-5)","background-image":"","background-repeat":"repeat","background-position":"center center","background-size":"auto","background-attachment":"scroll","background-type":"","background-media":"","overlay-type":"","overlay-color":"","overlay-opacity":"","overlay-gradient":""},"mobile":{"background-color":"var(--ast-global-color-5)","background-image":"","background-repeat":"repeat","background-position":"center center","background-size":"auto","background-attachment":"scroll","background-type":"","background-media":"","overlay-type":"","overlay-color":"","overlay-opacity":"","overlay-gradient":""}},"footnotes":""},"class_list":["post-3","page","type-page","status-publish","hentry"],"_links":{"self":[{"href":"https:\/\/adwokatura-bialystok.pl\/index.php\/wp-json\/wp\/v2\/pages\/3","targetHints":{"allow":["GET"]}}],"collection":[{"href":"https:\/\/adwokatura-bialystok.pl\/index.php\/wp-json\/wp\/v2\/pages"}],"about":[{"href":"https:\/\/adwokatura-bialystok.pl\/index.php\/wp-json\/wp\/v2\/types\/page"}],"author":[{"embeddable":true,"href":"https:\/\/adwokatura-bialystok.pl\/index.php\/wp-json\/wp\/v2\/users\/1"}],"replies":[{"embeddable":true,"href":"https:\/\/adwokatura-bialystok.pl\/index.php\/wp-json\/wp\/v2\/comments?post=3"}],"version-history":[{"count":9,"href":"https:\/\/adwokatura-bialystok.pl\/index.php\/wp-json\/wp\/v2\/pages\/3\/revisions"}],"predecessor-version":[{"id":1008,"href":"https:\/\/adwokatura-bialystok.pl\/index.php\/wp-json\/wp\/v2\/pages\/3\/revisions\/1008"}],"wp:attachment":[{"href":"https:\/\/adwokatura-bialystok.pl\/index.php\/wp-json\/wp\/v2\/media?parent=3"}],"curies":[{"name":"wp","href":"https:\/\/api.w.org\/{rel}","templated":true}]}}